{"id":53,"date":"2023-09-25T21:18:35","date_gmt":"2023-09-25T21:18:35","guid":{"rendered":"https:\/\/app.siketing.com\/lledo\/?page_id=53"},"modified":"2024-03-19T15:16:14","modified_gmt":"2024-03-19T15:16:14","slug":"media","status":"publish","type":"page","link":"https:\/\/app.siketing.com\/lledo\/media\/","title":{"rendered":"Contenido Multimedia Lled\u00f3"},"content":{"rendered":"\n<p>Lled\u00f3 es historia, patrimonio, entorno natural, gastronom\u00eda\u2026 no te lo puedes perder.<\/p>\n\n\n\n<div class=\"wp-block-mi-plugin-bloque-video video-w-50\"><video src=\"https:\/\/app.siketing.com\/lledo\/wp-content\/uploads\/sites\/14\/2024\/03\/LLEDO-ESP.mp4\" controls style=\"max-width:100%\" data-lang=\"es\"><\/video><\/div>\n\n\n\n<div class=\"wp-block-mi-plugin-bloque-video video-w-50\"><video src=\"https:\/\/app.siketing.com\/lledo\/wp-content\/uploads\/sites\/14\/2024\/03\/LLEDO-ING.mp4\" controls style=\"max-width:100%\" data-lang=\"en\"><\/video><\/div>\n\n\n\n<p> <\/p>\n\n\n\n<p>Una de las localidades m\u00e1s peque\u00f1as de la comarca y tambi\u00e9n la m\u00e1s m\u00e1gica.<\/p>\n\n\n\n<p class=\"has-medium-font-size\"><strong>Visita nuestra localidad a trav\u00e9s del Recorrido 360<\/strong>\u00ba<\/p>\n\n\n\n<ul class=\"wp-block-list\">\n<li><a href=\"https:\/\/app.siketing.com\/lledo\/recorrido-360\/\" data-type=\"link\" data-id=\"https:\/\/app.siketing.com\/lledo\/recorrido-360\/\">Recorrido 360\u00ba &#8211; Lled\u00f3<\/a><\/li>\n<\/ul>\n\n\n\n<p class=\"has-medium-font-size\"><strong><strong>Disfruta de la Visita 3D disponible en nuestro municipio:<\/strong><\/strong><\/p>\n\n\n\n<ul class=\"wp-block-list\">\n<li><a href=\"https:\/\/app.siketing.com\/lledo\/recorrido-virtual-3d-iglesia-de-santiago-apostol-lledo\/\" data-type=\"link\" data-id=\"https:\/\/app.siketing.com\/lledo\/recorrido-virtual-3d-iglesia-de-santiago-apostol-lledo\/\">Iglesia de Santiago Ap\u00f3stol &#8211; Lled\u00f3 <\/a><\/li>\n<\/ul>\n\n\n\n<p class=\"has-medium-font-size\"><strong>Galer\u00eda de Im\u00e1genes<\/strong><\/p>\n\n\n\n<figure class=\"wp-block-gallery has-nested-images columns-5 is-cropped wp-block-gallery-1 is-layout-flex wp-block-gallery-is-layout-flex\">\n<figure class=\"wp-block-image size-large\"><a href=\"https:\/\/app.siketing.com\/lledo\/wp-content\/uploads\/sites\/14\/2023\/10\/LledoArcosBajoAyuntamiento_web.jpg\" target=\"_blank\" rel=\"noopener\"><img loading=\"lazy\" decoding=\"async\" width=\"1920\" height=\"1282\" data-id=\"278\" src=\"https:\/\/app.siketing.com\/lledo\/wp-content\/uploads\/sites\/14\/2023\/10\/LledoArcosBajoAyuntamiento_web.jpg\" alt=\"\" class=\"wp-image-278\"\/><\/a><figcaption class=\"wp-element-caption\"><strong><a href=\"https:\/\/app.siketing.com\/lledo\/ayuntamiento\/\">Ayuntamiento<\/a>&nbsp;\u2013&nbsp;<a href=\"https:\/\/app.siketing.com\/lledo\/map\/?marker=3\">Mapa<\/a><\/strong><\/figcaption><\/figure>\n\n\n\n<figure class=\"wp-block-image size-large\"><a href=\"https:\/\/app.siketing.com\/lledo\/wp-content\/uploads\/sites\/14\/2023\/10\/LledoAyuntamiento_web.jpg\" target=\"_blank\" rel=\"noopener\"><img loading=\"lazy\" decoding=\"async\" width=\"1920\" height=\"1282\" data-id=\"280\" src=\"https:\/\/app.siketing.com\/lledo\/wp-content\/uploads\/sites\/14\/2023\/10\/LledoAyuntamiento_web.jpg\" alt=\"\" class=\"wp-image-280\"\/><\/a><figcaption class=\"wp-element-caption\"><strong><a href=\"https:\/\/app.siketing.com\/lledo\/ayuntamiento\/\">Ayuntamiento<\/a>&nbsp;\u2013&nbsp;<a href=\"https:\/\/app.siketing.com\/lledo\/map\/?marker=3\">Mapa<\/a><\/strong><\/figcaption><\/figure>\n\n\n\n<figure class=\"wp-block-image size-large\"><a href=\"https:\/\/app.siketing.com\/lledo\/wp-content\/uploads\/sites\/14\/2023\/10\/LledoAyuntamiento2_web.jpg\" target=\"_blank\" rel=\"noopener\"><img loading=\"lazy\" decoding=\"async\" width=\"1920\" height=\"1282\" data-id=\"276\" src=\"https:\/\/app.siketing.com\/lledo\/wp-content\/uploads\/sites\/14\/2023\/10\/LledoAyuntamiento2_web.jpg\" alt=\"\" class=\"wp-image-276\"\/><\/a><figcaption class=\"wp-element-caption\"><strong><a href=\"https:\/\/app.siketing.com\/lledo\/ayuntamiento\/\">Ayuntamiento<\/a>&nbsp;\u2013&nbsp;<a href=\"https:\/\/app.siketing.com\/lledo\/map\/?marker=3\">Mapa<\/a><\/strong><\/figcaption><\/figure>\n\n\n\n<figure class=\"wp-block-image size-large\"><a href=\"https:\/\/app.siketing.com\/lledo\/wp-content\/uploads\/sites\/14\/2023\/10\/LledoPlazaAyuntamiento_web.jpg\" target=\"_blank\" rel=\"noopener\"><img loading=\"lazy\" decoding=\"async\" width=\"1920\" height=\"1282\" data-id=\"283\" src=\"https:\/\/app.siketing.com\/lledo\/wp-content\/uploads\/sites\/14\/2023\/10\/LledoPlazaAyuntamiento_web.jpg\" alt=\"\" class=\"wp-image-283\"\/><\/a><figcaption class=\"wp-element-caption\"><strong><a href=\"https:\/\/app.siketing.com\/lledo\/ayuntamiento\/\">Ayuntamiento<\/a>&nbsp;\u2013&nbsp;<a href=\"https:\/\/app.siketing.com\/lledo\/map\/?marker=3\">Mapa<\/a><\/strong><\/figcaption><\/figure>\n\n\n\n<figure class=\"wp-block-image size-large\"><a href=\"https:\/\/app.siketing.com\/lledo\/wp-content\/uploads\/sites\/14\/2023\/10\/LledoIglesiaEntrada_web.jpg\" target=\"_blank\" rel=\"noopener\"><img loading=\"lazy\" decoding=\"async\" width=\"1920\" height=\"1247\" data-id=\"281\" src=\"https:\/\/app.siketing.com\/lledo\/wp-content\/uploads\/sites\/14\/2023\/10\/LledoIglesiaEntrada_web.jpg\" alt=\"\" class=\"wp-image-281\"\/><\/a><figcaption class=\"wp-element-caption\"><strong><strong><a href=\"https:\/\/app.siketing.com\/lledo\/iglesia-parroquial-de-santiago-apostol\/\" data-type=\"link\" data-id=\"https:\/\/app.siketing.com\/lledo\/iglesia-parroquial-de-santiago-apostol\/\">Iglesia Parroquial de Santiago Ap\u00f3stol<\/a> &#8211; <a href=\"https:\/\/app.siketing.com\/lledo\/map\/?marker=2\" data-type=\"link\" data-id=\"https:\/\/app.siketing.com\/lledo\/map\/?marker=2\">Mapa<\/a><\/strong><\/strong><\/figcaption><\/figure>\n\n\n\n<figure class=\"wp-block-image size-large\"><a href=\"https:\/\/app.siketing.com\/lledo\/wp-content\/uploads\/sites\/14\/2023\/10\/LledoIglesiaPicada_web.jpg\" target=\"_blank\" rel=\"noopener\"><img loading=\"lazy\" decoding=\"async\" width=\"1920\" height=\"1282\" data-id=\"282\" src=\"https:\/\/app.siketing.com\/lledo\/wp-content\/uploads\/sites\/14\/2023\/10\/LledoIglesiaPicada_web.jpg\" alt=\"\" class=\"wp-image-282\"\/><\/a><figcaption class=\"wp-element-caption\"><strong><strong><a href=\"https:\/\/app.siketing.com\/lledo\/iglesia-parroquial-de-santiago-apostol\/\" data-type=\"link\" data-id=\"https:\/\/app.siketing.com\/lledo\/iglesia-parroquial-de-santiago-apostol\/\">Iglesia Parroquial de Santiago Ap\u00f3stol<\/a> &#8211; <a href=\"https:\/\/app.siketing.com\/lledo\/map\/?marker=2\" data-type=\"link\" data-id=\"https:\/\/app.siketing.com\/lledo\/map\/?marker=2\">Mapa<\/a><\/strong><\/strong><\/figcaption><\/figure>\n\n\n\n<figure class=\"wp-block-image size-large\"><a href=\"https:\/\/app.siketing.com\/lledo\/wp-content\/uploads\/sites\/14\/2023\/10\/LledoIglesiaSantiango_web.jpg\" target=\"_blank\" rel=\"noopener\"><img loading=\"lazy\" decoding=\"async\" width=\"1210\" height=\"1920\" data-id=\"284\" src=\"https:\/\/app.siketing.com\/lledo\/wp-content\/uploads\/sites\/14\/2023\/10\/LledoIglesiaSantiango_web.jpg\" alt=\"\" class=\"wp-image-284\"\/><\/a><figcaption class=\"wp-element-caption\"><strong><strong><a href=\"https:\/\/app.siketing.com\/lledo\/iglesia-parroquial-de-santiago-apostol\/\" data-type=\"link\" data-id=\"https:\/\/app.siketing.com\/lledo\/iglesia-parroquial-de-santiago-apostol\/\">Iglesia Parroquial de Santiago Ap\u00f3stol<\/a> &#8211; <a href=\"https:\/\/app.siketing.com\/lledo\/map\/?marker=2\" data-type=\"link\" data-id=\"https:\/\/app.siketing.com\/lledo\/map\/?marker=2\">Mapa<\/a><\/strong><\/strong><\/figcaption><\/figure>\n\n\n\n<figure class=\"wp-block-image size-large\"><a href=\"https:\/\/app.siketing.com\/lledo\/wp-content\/uploads\/sites\/14\/2023\/11\/Lledo-Ermita-Santa-Rosa-de-Viterbo_web.jpg\" target=\"_blank\" rel=\"noopener\"><img loading=\"lazy\" decoding=\"async\" width=\"1920\" height=\"1115\" data-id=\"320\" src=\"https:\/\/app.siketing.com\/lledo\/wp-content\/uploads\/sites\/14\/2023\/11\/Lledo-Ermita-Santa-Rosa-de-Viterbo_web.jpg\" alt=\"\" class=\"wp-image-320\"\/><\/a><figcaption class=\"wp-element-caption\"><strong><a href=\"https:\/\/app.siketing.com\/lledo\/ermita-de-santa-rosa-de-viterbo\/\" data-type=\"link\" data-id=\"https:\/\/app.siketing.com\/lledo\/ermita-de-santa-rosa-de-viterbo\/\">Ermita de Santa Rosa de Viterbo<\/a> &#8211; <a href=\"https:\/\/app.siketing.com\/lledo\/map\/?marker=4\" data-type=\"link\" data-id=\"https:\/\/app.siketing.com\/lledo\/map\/?marker=4\">Mapa<\/a><\/strong><\/figcaption><\/figure>\n\n\n\n<figure class=\"wp-block-image size-large\"><a href=\"https:\/\/app.siketing.com\/lledo\/wp-content\/uploads\/sites\/14\/2023\/11\/Lledo-Fuente-de-Piedra-2_web.jpg\" target=\"_blank\" rel=\"noopener\"><img loading=\"lazy\" decoding=\"async\" width=\"1920\" height=\"1024\" data-id=\"325\" src=\"https:\/\/app.siketing.com\/lledo\/wp-content\/uploads\/sites\/14\/2023\/11\/Lledo-Fuente-de-Piedra-2_web.jpg\" alt=\"\" class=\"wp-image-325\"\/><\/a><figcaption class=\"wp-element-caption\"><strong><a href=\"https:\/\/app.siketing.com\/lledo\/font-de-la-villa\/\" data-type=\"link\" data-id=\"https:\/\/app.siketing.com\/lledo\/font-de-la-villa\/\">Font de la Vila<\/a> &#8211; <a href=\"https:\/\/app.siketing.com\/lledo\/map\/?marker=5\" data-type=\"link\" data-id=\"https:\/\/app.siketing.com\/lledo\/map\/?marker=5\">Mapa<\/a><\/strong><\/figcaption><\/figure>\n\n\n\n<figure class=\"wp-block-image size-large\"><a href=\"https:\/\/app.siketing.com\/lledo\/wp-content\/uploads\/sites\/14\/2023\/11\/Lledo-Fuente-de-Piedra-1_web.jpg\" target=\"_blank\" rel=\"noopener\"><img loading=\"lazy\" decoding=\"async\" width=\"1920\" height=\"994\" data-id=\"326\" src=\"https:\/\/app.siketing.com\/lledo\/wp-content\/uploads\/sites\/14\/2023\/11\/Lledo-Fuente-de-Piedra-1_web.jpg\" alt=\"\" class=\"wp-image-326\"\/><\/a><figcaption class=\"wp-element-caption\"><strong><a href=\"https:\/\/app.siketing.com\/lledo\/font-de-la-villa\/\" data-type=\"link\" data-id=\"https:\/\/app.siketing.com\/lledo\/font-de-la-villa\/\">Font de la Vila<\/a> &#8211; <a href=\"https:\/\/app.siketing.com\/lledo\/map\/?marker=5\" data-type=\"link\" data-id=\"https:\/\/app.siketing.com\/lledo\/map\/?marker=5\">Mapa<\/a><\/strong><\/figcaption><\/figure>\n\n\n\n<figure class=\"wp-block-image size-large\"><a href=\"https:\/\/app.siketing.com\/lledo\/wp-content\/uploads\/sites\/14\/2023\/10\/LledoCalleBaja_web.jpg\" target=\"_blank\" rel=\"noopener\"><img loading=\"lazy\" decoding=\"async\" width=\"1282\" height=\"1920\" data-id=\"277\" src=\"https:\/\/app.siketing.com\/lledo\/wp-content\/uploads\/sites\/14\/2023\/10\/LledoCalleBaja_web.jpg\" alt=\"\" class=\"wp-image-277\"\/><\/a><figcaption class=\"wp-element-caption\"><strong>Calle Baja<\/strong><\/figcaption><\/figure>\n\n\n\n<figure class=\"wp-block-image size-large\"><a href=\"https:\/\/app.siketing.com\/lledo\/wp-content\/uploads\/sites\/14\/2023\/10\/LledoCalleCuesta_web.jpg\" target=\"_blank\" rel=\"noopener\"><img loading=\"lazy\" decoding=\"async\" width=\"1282\" height=\"1920\" data-id=\"275\" src=\"https:\/\/app.siketing.com\/lledo\/wp-content\/uploads\/sites\/14\/2023\/10\/LledoCalleCuesta_web.jpg\" alt=\"\" class=\"wp-image-275\"\/><\/a><figcaption class=\"wp-element-caption\"><strong>Calle cuesta<\/strong><\/figcaption><\/figure>\n\n\n\n<figure class=\"wp-block-image size-large\"><a href=\"https:\/\/app.siketing.com\/lledo\/wp-content\/uploads\/sites\/14\/2023\/10\/LledoCapilla_web.jpg\" target=\"_blank\" rel=\"noopener\"><img loading=\"lazy\" decoding=\"async\" width=\"1282\" height=\"1920\" data-id=\"279\" src=\"https:\/\/app.siketing.com\/lledo\/wp-content\/uploads\/sites\/14\/2023\/10\/LledoCapilla_web.jpg\" alt=\"\" class=\"wp-image-279\"\/><\/a><figcaption class=\"wp-element-caption\"><strong>Capilla<\/strong><\/figcaption><\/figure>\n<\/figure>\n\n\n\n<p> <\/p>\n\n\n\n<p>Volver a Contenido <a href=\"https:\/\/app.siketing.com\/media\/\" data-type=\"link\" data-id=\"https:\/\/app.siketing.com\/media\/\">Multimedia de Matarra\u00f1a<\/a><\/p>\n","protected":false},"excerpt":{"rendered":"<p><iframe loading=\"lazy\" title=\"MATARRA\u00d1A\" width=\"500\" height=\"281\" src=\"https:\/\/www.youtube.com\/embed\/RCqAfMWyL7A?feature=oembed\" frameborder=\"0\" allow=\"accelerometer; autoplay; clipboard-write; encrypted-media; gyroscope; picture-in-picture; web-share\" allowfullscreen><\/iframe><br \/>Lled\u00f3 es historia, patrimonio, entorno natural, gastronom\u00eda\u2026 no te lo puedes perder. Una de las localidades m\u00e1s peque\u00f1as de la comarca y tambi\u00e9n la m\u00e1s m\u00e1gica. Visita nuestra localidad a trav\u00e9s del Recorrido 360\u00ba Recorrido 360\u00ba &#8211; Lled\u00f3 Disfruta de la Visita 3D disponible en nuestro municipio: Iglesia de Santiago &hellip;<\/p>\n<p class=\"read-more\"> <a class=\"\" href=\"https:\/\/app.siketing.com\/lledo\/media\/\"> <span class=\"screen-reader-text\">Contenido Multimedia Lled\u00f3<\/span> Leer m\u00e1s &raquo;<\/a><\/p>\n","protected":false},"author":1,"featured_media":0,"parent":0,"menu_order":0,"comment_status":"closed","ping_status":"closed","template":"","meta":{"site-sidebar-layout":"default","site-content-layout":"","ast-site-content-layout":"","site-content-style":"default","site-sidebar-style":"default","ast-global-header-display":"","ast-banner-title-visibility":"","ast-main-header-display":"","ast-hfb-above-header-display":"","ast-hfb-below-header-display":"","ast-hfb-mobile-header-display":"","site-post-title":"","ast-breadcrumbs-content":"","ast-featured-img":"","footer-sml-layout":"","theme-transparent-header-meta":"","adv-header-id-meta":"","stick-header-meta":"","header-above-stick-meta":"","header-main-stick-meta":"","header-below-stick-meta":"","astra-migrate-meta-layouts":"","footnotes":""},"class_list":["post-53","page","type-page","status-publish","hentry"],"yoast_head":"<!-- This site is optimized with the Yoast SEO plugin v22.3 - https:\/\/yoast.com\/wordpress\/plugins\/seo\/ -->\n<title>Contenido Multimedia Lled\u00f3 - Lled\u00f3<\/title>\n<meta name=\"robots\" content=\"noindex, follow, max-snippet:-1, max-image-preview:large, max-video-preview:-1\" \/>\n<meta property=\"og:locale\" content=\"es_ES\" \/>\n<meta property=\"og:type\" content=\"article\" \/>\n<meta property=\"og:title\" content=\"Contenido Multimedia Lled\u00f3 - Lled\u00f3\" \/>\n<meta property=\"og:description\" content=\"Lled\u00f3 es historia, patrimonio, entorno natural, gastronom\u00eda\u2026 no te lo puedes perder. Una de las localidades m\u00e1s peque\u00f1as de la comarca y tambi\u00e9n la m\u00e1s m\u00e1gica. Visita nuestra localidad a trav\u00e9s del Recorrido 360\u00ba Recorrido 360\u00ba &#8211; Lled\u00f3 Disfruta de la Visita 3D disponible en nuestro municipio: Iglesia de Santiago &hellip; Contenido Multimedia Lled\u00f3 Leer m\u00e1s &raquo;\" \/>\n<meta property=\"og:url\" content=\"https:\/\/app.siketing.com\/lledo\/media\/\" \/>\n<meta property=\"og:site_name\" content=\"Lled\u00f3\" \/>\n<meta property=\"article:modified_time\" content=\"2024-03-19T15:16:14+00:00\" \/>\n<meta property=\"og:image\" content=\"https:\/\/app.siketing.com\/lledo\/wp-content\/uploads\/sites\/14\/2023\/10\/LledoArcosBajoAyuntamiento_web.jpg\" \/>\n<meta name=\"twitter:card\" content=\"summary_large_image\" \/>\n<meta name=\"twitter:label1\" content=\"Tiempo de lectura\" \/>\n\t<meta name=\"twitter:data1\" content=\"1 minuto\" \/>\n<script type=\"application\/ld+json\" class=\"yoast-schema-graph\">{\"@context\":\"https:\/\/schema.org\",\"@graph\":[{\"@type\":\"WebPage\",\"@id\":\"https:\/\/app.siketing.com\/lledo\/media\/\",\"url\":\"https:\/\/app.siketing.com\/lledo\/media\/\",\"name\":\"Contenido Multimedia Lled\u00f3 - Lled\u00f3\",\"isPartOf\":{\"@id\":\"https:\/\/app.siketing.com\/lledo\/#website\"},\"primaryImageOfPage\":{\"@id\":\"https:\/\/app.siketing.com\/lledo\/media\/#primaryimage\"},\"image\":{\"@id\":\"https:\/\/app.siketing.com\/lledo\/media\/#primaryimage\"},\"thumbnailUrl\":\"https:\/\/app.siketing.com\/lledo\/wp-content\/uploads\/sites\/14\/2023\/10\/LledoArcosBajoAyuntamiento_web.jpg\",\"datePublished\":\"2023-09-25T21:18:35+00:00\",\"dateModified\":\"2024-03-19T15:16:14+00:00\",\"breadcrumb\":{\"@id\":\"https:\/\/app.siketing.com\/lledo\/media\/#breadcrumb\"},\"inLanguage\":\"es\",\"potentialAction\":[{\"@type\":\"ReadAction\",\"target\":[\"https:\/\/app.siketing.com\/lledo\/media\/\"]}]},{\"@type\":\"ImageObject\",\"inLanguage\":\"es\",\"@id\":\"https:\/\/app.siketing.com\/lledo\/media\/#primaryimage\",\"url\":\"https:\/\/app.siketing.com\/lledo\/wp-content\/uploads\/sites\/14\/2023\/10\/LledoArcosBajoAyuntamiento_web.jpg\",\"contentUrl\":\"https:\/\/app.siketing.com\/lledo\/wp-content\/uploads\/sites\/14\/2023\/10\/LledoArcosBajoAyuntamiento_web.jpg\"},{\"@type\":\"BreadcrumbList\",\"@id\":\"https:\/\/app.siketing.com\/lledo\/media\/#breadcrumb\",\"itemListElement\":[{\"@type\":\"ListItem\",\"position\":1,\"name\":\"Portada\",\"item\":\"https:\/\/app.siketing.com\/lledo\/\"},{\"@type\":\"ListItem\",\"position\":2,\"name\":\"Contenido Multimedia Lled\u00f3\"}]},{\"@type\":\"WebSite\",\"@id\":\"https:\/\/app.siketing.com\/lledo\/#website\",\"url\":\"https:\/\/app.siketing.com\/lledo\/\",\"name\":\"Lled\u00f3\",\"description\":\"\",\"publisher\":{\"@id\":\"https:\/\/app.siketing.com\/lledo\/#organization\"},\"potentialAction\":[{\"@type\":\"SearchAction\",\"target\":{\"@type\":\"EntryPoint\",\"urlTemplate\":\"https:\/\/app.siketing.com\/lledo\/?s={search_term_string}\"},\"query-input\":\"required name=search_term_string\"}],\"inLanguage\":\"es\"},{\"@type\":\"Organization\",\"@id\":\"https:\/\/app.siketing.com\/lledo\/#organization\",\"name\":\"Lled\u00f3\",\"url\":\"https:\/\/app.siketing.com\/lledo\/\",\"logo\":{\"@type\":\"ImageObject\",\"inLanguage\":\"es\",\"@id\":\"https:\/\/app.siketing.com\/lledo\/#\/schema\/logo\/image\/\",\"url\":\"https:\/\/app.siketing.com\/lledo\/wp-content\/uploads\/sites\/14\/2026\/04\/logoSeeketing-1.png\",\"contentUrl\":\"https:\/\/app.siketing.com\/lledo\/wp-content\/uploads\/sites\/14\/2026\/04\/logoSeeketing-1.png\",\"width\":325,\"height\":82,\"caption\":\"Lled\u00f3\"},\"image\":{\"@id\":\"https:\/\/app.siketing.com\/lledo\/#\/schema\/logo\/image\/\"}}]}<\/script>\n<!-- \/ Yoast SEO plugin. -->","yoast_head_json":{"title":"Contenido Multimedia Lled\u00f3 - Lled\u00f3","robots":{"index":"noindex","follow":"follow","max-snippet":"max-snippet:-1","max-image-preview":"max-image-preview:large","max-video-preview":"max-video-preview:-1"},"og_locale":"es_ES","og_type":"article","og_title":"Contenido Multimedia Lled\u00f3 - Lled\u00f3","og_description":"Lled\u00f3 es historia, patrimonio, entorno natural, gastronom\u00eda\u2026 no te lo puedes perder. Una de las localidades m\u00e1s peque\u00f1as de la comarca y tambi\u00e9n la m\u00e1s m\u00e1gica. Visita nuestra localidad a trav\u00e9s del Recorrido 360\u00ba Recorrido 360\u00ba &#8211; Lled\u00f3 Disfruta de la Visita 3D disponible en nuestro municipio: Iglesia de Santiago &hellip; Contenido Multimedia Lled\u00f3 Leer m\u00e1s &raquo;","og_url":"https:\/\/app.siketing.com\/lledo\/media\/","og_site_name":"Lled\u00f3","article_modified_time":"2024-03-19T15:16:14+00:00","og_image":[{"url":"https:\/\/app.siketing.com\/lledo\/wp-content\/uploads\/sites\/14\/2023\/10\/LledoArcosBajoAyuntamiento_web.jpg"}],"twitter_card":"summary_large_image","twitter_misc":{"Tiempo de lectura":"1 minuto"},"schema":{"@context":"https:\/\/schema.org","@graph":[{"@type":"WebPage","@id":"https:\/\/app.siketing.com\/lledo\/media\/","url":"https:\/\/app.siketing.com\/lledo\/media\/","name":"Contenido Multimedia Lled\u00f3 - Lled\u00f3","isPartOf":{"@id":"https:\/\/app.siketing.com\/lledo\/#website"},"primaryImageOfPage":{"@id":"https:\/\/app.siketing.com\/lledo\/media\/#primaryimage"},"image":{"@id":"https:\/\/app.siketing.com\/lledo\/media\/#primaryimage"},"thumbnailUrl":"https:\/\/app.siketing.com\/lledo\/wp-content\/uploads\/sites\/14\/2023\/10\/LledoArcosBajoAyuntamiento_web.jpg","datePublished":"2023-09-25T21:18:35+00:00","dateModified":"2024-03-19T15:16:14+00:00","breadcrumb":{"@id":"https:\/\/app.siketing.com\/lledo\/media\/#breadcrumb"},"inLanguage":"es","potentialAction":[{"@type":"ReadAction","target":["https:\/\/app.siketing.com\/lledo\/media\/"]}]},{"@type":"ImageObject","inLanguage":"es","@id":"https:\/\/app.siketing.com\/lledo\/media\/#primaryimage","url":"https:\/\/app.siketing.com\/lledo\/wp-content\/uploads\/sites\/14\/2023\/10\/LledoArcosBajoAyuntamiento_web.jpg","contentUrl":"https:\/\/app.siketing.com\/lledo\/wp-content\/uploads\/sites\/14\/2023\/10\/LledoArcosBajoAyuntamiento_web.jpg"},{"@type":"BreadcrumbList","@id":"https:\/\/app.siketing.com\/lledo\/media\/#breadcrumb","itemListElement":[{"@type":"ListItem","position":1,"name":"Portada","item":"https:\/\/app.siketing.com\/lledo\/"},{"@type":"ListItem","position":2,"name":"Contenido Multimedia Lled\u00f3"}]},{"@type":"WebSite","@id":"https:\/\/app.siketing.com\/lledo\/#website","url":"https:\/\/app.siketing.com\/lledo\/","name":"Lled\u00f3","description":"","publisher":{"@id":"https:\/\/app.siketing.com\/lledo\/#organization"},"potentialAction":[{"@type":"SearchAction","target":{"@type":"EntryPoint","urlTemplate":"https:\/\/app.siketing.com\/lledo\/?s={search_term_string}"},"query-input":"required name=search_term_string"}],"inLanguage":"es"},{"@type":"Organization","@id":"https:\/\/app.siketing.com\/lledo\/#organization","name":"Lled\u00f3","url":"https:\/\/app.siketing.com\/lledo\/","logo":{"@type":"ImageObject","inLanguage":"es","@id":"https:\/\/app.siketing.com\/lledo\/#\/schema\/logo\/image\/","url":"https:\/\/app.siketing.com\/lledo\/wp-content\/uploads\/sites\/14\/2026\/04\/logoSeeketing-1.png","contentUrl":"https:\/\/app.siketing.com\/lledo\/wp-content\/uploads\/sites\/14\/2026\/04\/logoSeeketing-1.png","width":325,"height":82,"caption":"Lled\u00f3"},"image":{"@id":"https:\/\/app.siketing.com\/lledo\/#\/schema\/logo\/image\/"}}]}},"_links":{"self":[{"href":"https:\/\/app.siketing.com\/lledo\/wp-json\/wp\/v2\/pages\/53","targetHints":{"allow":["GET"]}}],"collection":[{"href":"https:\/\/app.siketing.com\/lledo\/wp-json\/wp\/v2\/pages"}],"about":[{"href":"https:\/\/app.siketing.com\/lledo\/wp-json\/wp\/v2\/types\/page"}],"author":[{"embeddable":true,"href":"https:\/\/app.siketing.com\/lledo\/wp-json\/wp\/v2\/users\/1"}],"replies":[{"embeddable":true,"href":"https:\/\/app.siketing.com\/lledo\/wp-json\/wp\/v2\/comments?post=53"}],"version-history":[{"count":18,"href":"https:\/\/app.siketing.com\/lledo\/wp-json\/wp\/v2\/pages\/53\/revisions"}],"predecessor-version":[{"id":405,"href":"https:\/\/app.siketing.com\/lledo\/wp-json\/wp\/v2\/pages\/53\/revisions\/405"}],"wp:attachment":[{"href":"https:\/\/app.siketing.com\/lledo\/wp-json\/wp\/v2\/media?parent=53"}],"curies":[{"name":"wp","href":"https:\/\/api.w.org\/{rel}","templated":true}]}}